{"id":842,"date":"2019-06-20T05:10:56","date_gmt":"2019-06-20T05:10:56","guid":{"rendered":"https:\/\/rainrestaurant.se\/?page_id=842"},"modified":"2021-05-27T06:08:53","modified_gmt":"2021-05-27T06:08:53","slug":"omoss","status":"publish","type":"page","link":"https:\/\/rainrestaurant.se\/en\/omoss\/","title":{"rendered":"About Us"},"content":{"rendered":"<div data-elementor-type=\"wp-post\" data-elementor-id=\"842\" class=\"elementor elementor-842\" data-elementor-settings=\"[]\">\n\t\t\t\t\t\t<div class=\"elementor-inner\">\n\t\t\t\t\t\t\t<div class=\"elementor-section-wrap\">\n\t\t\t\t\t\t\t<section class=\"elementor-section elementor-top-section elementor-element elementor-element-64134f5 elementor-section-boxed elementor-section-height-default elementor-section-height-default\" data-id=\"64134f5\" data-element_type=\"section\" data-settings=\"{&quot;background_background&quot;:&quot;classic&quot;}\">\n\t\t\t\t\t\t\t<div class=\"elementor-background-overlay\"><\/div>\n\t\t\t\t\t\t\t<div class=\"elementor-container elementor-column-gap-default\">\n\t\t\t\t\t\t\t<div class=\"elementor-row\">\n\t\t\t\t\t<div class=\"elementor-column elementor-col-50 elementor-top-column elementor-element elementor-element-2057553\" data-id=\"2057553\" data-element_type=\"column\">\n\t\t\t<div class=\"elementor-column-wrap elementor-element-populated\">\n\t\t\t\t\t\t\t<div class=\"elementor-widget-wrap\">\n\t\t\t\t\t\t<div class=\"elementor-element elementor-element-ab20be2 elementor-widget elementor-widget-image\" data-id=\"ab20be2\" data-element_type=\"widget\" data-widget_type=\"image.default\">\n\t\t\t\t<div class=\"elementor-widget-container\">\n\t\t\t\t\t\t\t\t<div class=\"elementor-image\">\n\t\t\t\t\t\t\t\t\t\t\t\t<img loading=\"lazy\" decoding=\"async\" width=\"512\" height=\"768\" src=\"https:\/\/rainrestaurant.se\/wp-content\/uploads\/2021\/02\/Honeyview3_IMG_0234-kopia-2.jpg\" class=\"attachment-full size-full\" alt=\"\" srcset=\"https:\/\/rainrestaurant.se\/wp-content\/uploads\/2021\/02\/Honeyview3_IMG_0234-kopia-2.jpg 512w, https:\/\/rainrestaurant.se\/wp-content\/uploads\/2021\/02\/Honeyview3_IMG_0234-kopia-2-200x300.jpg 200w\" sizes=\"auto, (max-width: 512px) 100vw, 512px\" \/>\t\t\t\t\t\t\t\t\t\t\t\t\t\t<\/div>\n\t\t\t\t\t\t<\/div>\n\t\t\t\t<\/div>\n\t\t\t\t\t\t<\/div>\n\t\t\t\t\t<\/div>\n\t\t<\/div>\n\t\t\t\t<div class=\"elementor-column elementor-col-50 elementor-top-column elementor-element elementor-element-df60eac\" data-id=\"df60eac\" data-element_type=\"column\">\n\t\t\t<div class=\"elementor-column-wrap elementor-element-populated\">\n\t\t\t\t\t\t\t<div class=\"elementor-widget-wrap\">\n\t\t\t\t\t\t<div class=\"elementor-element elementor-element-ba59b77 elementor-widget elementor-widget-delicios-title\" data-id=\"ba59b77\" data-element_type=\"widget\" data-widget_type=\"delicios-title.default\">\n\t\t\t\t<div class=\"elementor-widget-container\">\n\t\t\t\n   <div class=\"ts-section-title title-center\">\n      <h2 class=\"section-title\">\n        Our <span>Story<\/span>     <\/h2>\n               <i class=\"icon icon-title\"><\/i>\n\t\t\t      \t\t\t\n   <\/div>\n    \n    \t\t<\/div>\n\t\t\t\t<\/div>\n\t\t\t\t<div class=\"elementor-element elementor-element-cdc8f15 elementor-widget elementor-widget-text-editor\" data-id=\"cdc8f15\" data-element_type=\"widget\" data-widget_type=\"text-editor.default\">\n\t\t\t\t<div class=\"elementor-widget-container\">\n\t\t\t\t\t\t\t\t<div class=\"elementor-text-editor elementor-clearfix\">\n\t\t\t\t\t<p>Restaurant Rain takes you<br \/>to India's rich taste palette.<br \/>The name Rain reminds us of the basis for us to enjoy the taste and aroma of the plate.<br \/>The harvest requires nutritious soil... and rain.<br \/>Everything is connected in this cycle of tastes.<br \/>The menu rests on centuries-old flavors and recipes.<br \/>Our dishes are mainly based in the Mughal cuisine from India, Pakistan and Bangladesh with inspiration from the entire Indian subcontinent.<br \/>Welcome.<\/p>\t\t\t\t\t<\/div>\n\t\t\t\t\t\t<\/div>\n\t\t\t\t<\/div>\n\t\t\t\t<div class=\"elementor-element elementor-element-b3b97b1 elementor-widget elementor-widget-image\" data-id=\"b3b97b1\" data-element_type=\"widget\" data-widget_type=\"image.default\">\n\t\t\t\t<div class=\"elementor-widget-container\">\n\t\t\t\t\t\t\t\t<div class=\"elementor-image\">\n\t\t\t\t\t\t\t\t\t\t\t\t<img loading=\"lazy\" decoding=\"async\" width=\"97\" height=\"75\" src=\"https:\/\/rainrestaurant.se\/wp-content\/uploads\/2019\/06\/sign.png\" class=\"attachment-large size-large\" alt=\"\" \/>\t\t\t\t\t\t\t\t\t\t\t\t\t\t<\/div>\n\t\t\t\t\t\t<\/div>\n\t\t\t\t<\/div>\n\t\t\t\t\t\t<\/div>\n\t\t\t\t\t<\/div>\n\t\t<\/div>\n\t\t\t\t\t\t\t\t<\/div>\n\t\t\t\t\t<\/div>\n\t\t<\/section>\n\t\t\t\t<section class=\"elementor-section elementor-top-section elementor-element elementor-element-7dd0c0f elementor-section-boxed elementor-section-height-default elementor-section-height-default\" data-id=\"7dd0c0f\" data-element_type=\"section\" data-settings=\"{&quot;background_background&quot;:&quot;classic&quot;}\">\n\t\t\t\t\t\t<div class=\"elementor-container elementor-column-gap-default\">\n\t\t\t\t\t\t\t<div class=\"elementor-row\">\n\t\t\t\t\t<div class=\"elementor-column elementor-col-50 elementor-top-column elementor-element elementor-element-08383da\" data-id=\"08383da\" data-element_type=\"column\">\n\t\t\t<div class=\"elementor-column-wrap elementor-element-populated\">\n\t\t\t\t\t\t\t<div class=\"elementor-widget-wrap\">\n\t\t\t\t\t\t<div class=\"elementor-element elementor-element-cf87c50 elementor-widget elementor-widget-delicios-title\" data-id=\"cf87c50\" data-element_type=\"widget\" data-widget_type=\"delicios-title.default\">\n\t\t\t\t<div class=\"elementor-widget-container\">\n\t\t\t\n   <div class=\"ts-section-title title-center\">\n      <h2 class=\"section-title\">\n        We Create  <span>Taste<\/span>     <\/h2>\n               <i class=\"icon icon-title\"><\/i>\n\t\t\t      \t\t\t\n   <\/div>\n    \n    \t\t<\/div>\n\t\t\t\t<\/div>\n\t\t\t\t<div class=\"elementor-element elementor-element-f7afe06 elementor-widget elementor-widget-text-editor\" data-id=\"f7afe06\" data-element_type=\"widget\" data-widget_type=\"text-editor.default\">\n\t\t\t\t<div class=\"elementor-widget-container\">\n\t\t\t\t\t\t\t\t<div class=\"elementor-text-editor elementor-clearfix\">\n\t\t\t\t\t<p>Our staff is from all over the sub continent with a combined experience of all Indian cuisines of over 100 years. Which means that our creativity always flows!<br \/>RAIN is old Amazing India that has been around for 10 years.<\/p>\t\t\t\t\t<\/div>\n\t\t\t\t\t\t<\/div>\n\t\t\t\t<\/div>\n\t\t\t\t\t\t<\/div>\n\t\t\t\t\t<\/div>\n\t\t<\/div>\n\t\t\t\t<div class=\"elementor-column elementor-col-50 elementor-top-column elementor-element elementor-element-9a825e4\" data-id=\"9a825e4\" data-element_type=\"column\" data-settings=\"{&quot;background_background&quot;:&quot;classic&quot;}\">\n\t\t\t<div class=\"elementor-column-wrap elementor-element-populated\">\n\t\t\t\t\t\t\t<div class=\"elementor-widget-wrap\">\n\t\t\t\t\t\t<div class=\"elementor-element elementor-element-0162f9a elementor-widget elementor-widget-image\" data-id=\"0162f9a\" data-element_type=\"widget\" data-widget_type=\"image.default\">\n\t\t\t\t<div class=\"elementor-widget-container\">\n\t\t\t\t\t\t\t\t<div class=\"elementor-image\">\n\t\t\t\t\t\t\t\t\t\t\t\t<img loading=\"lazy\" decoding=\"async\" width=\"1920\" height=\"2560\" src=\"https:\/\/rainrestaurant.se\/wp-content\/uploads\/2021\/05\/IMG_5237-scaled.jpg\" class=\"elementor-animation-float attachment-full size-full\" alt=\"\" srcset=\"https:\/\/rainrestaurant.se\/wp-content\/uploads\/2021\/05\/IMG_5237-scaled.jpg 1920w, https:\/\/rainrestaurant.se\/wp-content\/uploads\/2021\/05\/IMG_5237-225x300.jpg 225w, https:\/\/rainrestaurant.se\/wp-content\/uploads\/2021\/05\/IMG_5237-768x1024.jpg 768w, https:\/\/rainrestaurant.se\/wp-content\/uploads\/2021\/05\/IMG_5237-1152x1536.jpg 1152w, https:\/\/rainrestaurant.se\/wp-content\/uploads\/2021\/05\/IMG_5237-1536x2048.jpg 1536w\" sizes=\"auto, (max-width: 1920px) 100vw, 1920px\" \/>\t\t\t\t\t\t\t\t\t\t\t\t\t\t<\/div>\n\t\t\t\t\t\t<\/div>\n\t\t\t\t<\/div>\n\t\t\t\t\t\t<\/div>\n\t\t\t\t\t<\/div>\n\t\t<\/div>\n\t\t\t\t\t\t\t\t<\/div>\n\t\t\t\t\t<\/div>\n\t\t<\/section>\n\t\t\t\t<section class=\"elementor-section elementor-top-section elementor-element elementor-element-88f0164 elementor-section-boxed elementor-section-height-default elementor-section-height-default\" data-id=\"88f0164\" data-element_type=\"section\">\n\t\t\t\t\t\t<div class=\"elementor-container elementor-column-gap-default\">\n\t\t\t\t\t\t\t<div class=\"elementor-row\">\n\t\t\t\t\t<div class=\"elementor-column elementor-col-100 elementor-top-column elementor-element elementor-element-bba89da\" data-id=\"bba89da\" data-element_type=\"column\">\n\t\t\t<div class=\"elementor-column-wrap\">\n\t\t\t\t\t\t\t<div class=\"elementor-widget-wrap\">\n\t\t\t\t\t\t\t\t<\/div>\n\t\t\t\t\t<\/div>\n\t\t<\/div>\n\t\t\t\t\t\t\t\t<\/div>\n\t\t\t\t\t<\/div>\n\t\t<\/section>\n\t\t\t\t\t\t<\/div>\n\t\t\t\t\t\t<\/div>\n\t\t\t\t\t<\/div>","protected":false},"excerpt":{"rendered":"<p>V\u00e5r Story Restaurang Rain tar dig med till Indiens rika smakpalett. Namnet Rain p\u00e5minner oss om grunden f\u00f6r att vi ska f\u00e5 njuta smak och doft p\u00e5 tallriken. Sk\u00f6rden kr\u00e4ver n\u00e4ringsrik mylla \u2026 och regn. Allt h\u00e4nger samman i detta smakernas kretslopp. Menyn vilar p\u00e5 m\u00e5nghundra\u00e5riga smaker och recept. V\u00e5ra r\u00e4tter har fr\u00e4mst basen i [&hellip;]<\/p>\n","protected":false},"author":1,"featured_media":0,"parent":0,"menu_order":0,"comment_status":"closed","ping_status":"closed","template":"template\/full-width-template.php","meta":{"footnotes":""},"class_list":["post-842","page","type-page","status-publish","hentry"],"_links":{"self":[{"href":"https:\/\/rainrestaurant.se\/en\/wp-json\/wp\/v2\/pages\/842","targetHints":{"allow":["GET"]}}],"collection":[{"href":"https:\/\/rainrestaurant.se\/en\/wp-json\/wp\/v2\/pages"}],"about":[{"href":"https:\/\/rainrestaurant.se\/en\/wp-json\/wp\/v2\/types\/page"}],"author":[{"embeddable":true,"href":"https:\/\/rainrestaurant.se\/en\/wp-json\/wp\/v2\/users\/1"}],"replies":[{"embeddable":true,"href":"https:\/\/rainrestaurant.se\/en\/wp-json\/wp\/v2\/comments?post=842"}],"version-history":[{"count":49,"href":"https:\/\/rainrestaurant.se\/en\/wp-json\/wp\/v2\/pages\/842\/revisions"}],"predecessor-version":[{"id":2149,"href":"https:\/\/rainrestaurant.se\/en\/wp-json\/wp\/v2\/pages\/842\/revisions\/2149"}],"wp:attachment":[{"href":"https:\/\/rainrestaurant.se\/en\/wp-json\/wp\/v2\/media?parent=842"}],"curies":[{"name":"wp","href":"https:\/\/api.w.org\/{rel}","templated":true}]}}